{"id":102,"date":"2015-08-20T07:47:49","date_gmt":"2015-08-20T07:47:49","guid":{"rendered":"http:\/\/tossenegard.com\/?page_id=102"},"modified":"2022-08-04T08:47:21","modified_gmt":"2022-08-04T08:47:21","slug":"start","status":"publish","type":"page","link":"https:\/\/tossenegard.com\/","title":{"rendered":"Start"},"content":{"rendered":"<h1 style=\"text-align: left;\">V\u00e4lkommen till Tossene H\u00e4stg\u00e5rd<\/h1>\n<p><img loading=\"lazy\" decoding=\"async\" class=\"alignnone wp-image-9 size-full\" src=\"https:\/\/tossenegard.com\/wp-content\/uploads\/2012\/11\/cropped-IMG_0477.jpg\" alt=\"cropped-IMG_0477.jpg\" width=\"1000\" height=\"288\" srcset=\"https:\/\/tossenegard.com\/wp-content\/uploads\/2012\/11\/cropped-IMG_0477.jpg 1000w, https:\/\/tossenegard.com\/wp-content\/uploads\/2012\/11\/cropped-IMG_0477-300x86.jpg 300w, https:\/\/tossenegard.com\/wp-content\/uploads\/2012\/11\/cropped-IMG_0477-500x144.jpg 500w\" sizes=\"auto, (max-width: 1000px) 100vw, 1000px\" \/><\/p>\n<h2>H\u00e4star till salu p\u00e5\u00a0v\u00e5r<\/h2>\n<h2 style=\"text-align: left;\"><a href=\"https:\/\/www.facebook.com\/Tossene-g%C3%A5rdsf%C3%B6rs%C3%A4ljningsstall-106994422111674\/\" target=\"_blank\" rel=\"noopener\">Facebooksida<\/a><\/h2>\n<h2 style=\"text-align: center;\">\u00a0<a href=\"https:\/\/www.facebook.com\/pages\/Tossene-g%C3%A5rd-f%C3%B6rs%C3%A4ljningsstall\/774587709317484\" target=\"_blank\" rel=\"noopener\"><img loading=\"lazy\" decoding=\"async\" class=\"alignnone wp-image-76 size-medium alignleft\" src=\"https:\/\/tossenegard.com\/wp-content\/uploads\/2014\/09\/facebook-400-300x300.png\" alt=\"facebook 400\" width=\"300\" height=\"300\" srcset=\"https:\/\/tossenegard.com\/wp-content\/uploads\/2014\/09\/facebook-400-300x300.png 300w, https:\/\/tossenegard.com\/wp-content\/uploads\/2014\/09\/facebook-400-150x150.png 150w, https:\/\/tossenegard.com\/wp-content\/uploads\/2014\/09\/facebook-400.png 400w\" sizes=\"auto, (max-width: 300px) 100vw, 300px\" \/><\/a><\/h2>\n<div id=\"metaslider-id-156\" style=\"max-width: 700px;\" class=\"ml-slider-3-107-0 metaslider metaslider-nivo metaslider-156 ml-slider has-dots-nav ml-slider-lightbox-2-22-0 lightbox-disabled ms-theme-default\" role=\"region\" aria-label=\"New Slider\" data-height=\"500\" data-width=\"700\">\n    <div id=\"metaslider_container_156\">\n        <div class='slider-wrapper theme-default'><div class='ribbon'><\/div><div id='metaslider_156' class='nivoSlider'><img loading=\"lazy\" decoding=\"async\" src=\"https:\/\/tossenegard.com\/wp-content\/uploads\/2015\/08\/tossene8-700x500.jpg\" height=\"500\" width=\"700\" alt=\"\" class=\"slider-156 slide-154 msDefaultImage\" \/><img loading=\"lazy\" decoding=\"async\" src=\"https:\/\/tossenegard.com\/wp-content\/uploads\/2015\/08\/tossene7-700x500.jpg\" height=\"500\" width=\"700\" alt=\"\" class=\"slider-156 slide-153 msDefaultImage\" \/><img loading=\"lazy\" decoding=\"async\" src=\"https:\/\/tossenegard.com\/wp-content\/uploads\/2015\/08\/tossene6-700x500.jpg\" height=\"500\" width=\"700\" alt=\"\" class=\"slider-156 slide-152 msDefaultImage\" \/><img loading=\"lazy\" decoding=\"async\" src=\"https:\/\/tossenegard.com\/wp-content\/uploads\/2015\/08\/tossene5-640x457.jpg\" height=\"500\" width=\"700\" alt=\"\" class=\"slider-156 slide-151 msDefaultImage\" \/><img loading=\"lazy\" decoding=\"async\" src=\"https:\/\/tossenegard.com\/wp-content\/uploads\/2015\/08\/tossene4-700x500.jpg\" height=\"500\" width=\"700\" alt=\"\" class=\"slider-156 slide-150 msDefaultImage\" \/><img loading=\"lazy\" decoding=\"async\" src=\"https:\/\/tossenegard.com\/wp-content\/uploads\/2015\/08\/tossene3-700x500.jpg\" height=\"500\" width=\"700\" alt=\"\" class=\"slider-156 slide-149 msDefaultImage\" \/><img loading=\"lazy\" decoding=\"async\" src=\"https:\/\/tossenegard.com\/wp-content\/uploads\/2015\/08\/tossene2-700x500.jpg\" height=\"500\" width=\"700\" alt=\"\" class=\"slider-156 slide-148 msDefaultImage\" \/><img loading=\"lazy\" decoding=\"async\" src=\"https:\/\/tossenegard.com\/wp-content\/uploads\/2015\/08\/tossene1-550x393.jpg\" height=\"500\" width=\"700\" alt=\"\" class=\"slider-156 slide-147 msDefaultImage\" \/><img loading=\"lazy\" decoding=\"async\" src=\"https:\/\/tossenegard.com\/wp-content\/uploads\/2015\/08\/tossene-700x500.jpg\" height=\"500\" width=\"700\" alt=\"\" class=\"slider-156 slide-146 msDefaultImage\" \/><img loading=\"lazy\" decoding=\"async\" src=\"https:\/\/tossenegard.com\/wp-content\/uploads\/2014\/09\/10646862_1508069242767238_5632209412658547533_n-700x500.jpg\" height=\"500\" width=\"700\" alt=\"\" class=\"slider-156 slide-86 msDefaultImage\" \/><img loading=\"lazy\" decoding=\"async\" src=\"https:\/\/tossenegard.com\/wp-content\/uploads\/2014\/09\/10624961_1504620206445475_2693664865835627283_n-700x500.jpg\" height=\"500\" width=\"700\" alt=\"\" class=\"slider-156 slide-85 msDefaultImage\" \/><img loading=\"lazy\" decoding=\"async\" src=\"https:\/\/tossenegard.com\/wp-content\/uploads\/2014\/09\/10600616_1504928653081297_2891022390363115674_n-700x500.jpg\" height=\"500\" width=\"700\" alt=\"\" class=\"slider-156 slide-84 msDefaultImage\" \/><img loading=\"lazy\" decoding=\"async\" src=\"https:\/\/tossenegard.com\/wp-content\/uploads\/2014\/09\/10593202_1504628533111309_73900372195054288_n-700x500.jpg\" height=\"500\" width=\"700\" alt=\"\" class=\"slider-156 slide-83 msDefaultImage\" \/><img loading=\"lazy\" decoding=\"async\" src=\"https:\/\/tossenegard.com\/wp-content\/uploads\/2014\/09\/10427363_1468942686679894_5709817611909305209_n-697x498.jpg\" height=\"500\" width=\"700\" alt=\"\" class=\"slider-156 slide-82 msDefaultImage\" \/><img loading=\"lazy\" decoding=\"async\" src=\"https:\/\/tossenegard.com\/wp-content\/uploads\/2014\/09\/10405488_1504619166445579_7155612374595064031_n-700x500.jpg\" height=\"500\" width=\"700\" alt=\"\" class=\"slider-156 slide-81 msDefaultImage\" \/><img loading=\"lazy\" decoding=\"async\" src=\"https:\/\/tossenegard.com\/wp-content\/uploads\/2014\/09\/560862_1386935961547234_1346214029_n-700x500.jpg\" height=\"500\" width=\"700\" alt=\"\" class=\"slider-156 slide-79 msDefaultImage\" \/><img loading=\"lazy\" decoding=\"async\" src=\"https:\/\/tossenegard.com\/wp-content\/uploads\/2012\/11\/cropped-IMG_0477-403x288.jpg\" height=\"500\" width=\"700\" alt=\"\" class=\"slider-156 slide-9 msDefaultImage\" \/><img loading=\"lazy\" decoding=\"async\" src=\"https:\/\/tossenegard.com\/wp-content\/uploads\/2014\/09\/1476025_1405243813049782_2020406758_n-e1411789289353-434x310.jpg\" height=\"500\" width=\"700\" alt=\"\" class=\"slider-156 slide-80 msDefaultImage\" \/><\/div><\/div>\n        \n    <\/div>\n<\/div>\n","protected":false},"excerpt":{"rendered":"<p>V\u00e4lkommen till Tossene H\u00e4stg\u00e5rd H\u00e4star till salu p\u00e5\u00a0v\u00e5r Facebooksida \u00a0<\/p>\n","protected":false},"author":3,"featured_media":0,"parent":0,"menu_order":1,"comment_status":"open","ping_status":"closed","template":"","meta":{"footnotes":""},"class_list":["post-102","page","type-page","status-publish","hentry"],"_links":{"self":[{"href":"https:\/\/tossenegard.com\/index.php?rest_route=\/wp\/v2\/pages\/102","targetHints":{"allow":["GET"]}}],"collection":[{"href":"https:\/\/tossenegard.com\/index.php?rest_route=\/wp\/v2\/pages"}],"about":[{"href":"https:\/\/tossenegard.com\/index.php?rest_route=\/wp\/v2\/types\/page"}],"author":[{"embeddable":true,"href":"https:\/\/tossenegard.com\/index.php?rest_route=\/wp\/v2\/users\/3"}],"replies":[{"embeddable":true,"href":"https:\/\/tossenegard.com\/index.php?rest_route=%2Fwp%2Fv2%2Fcomments&post=102"}],"version-history":[{"count":21,"href":"https:\/\/tossenegard.com\/index.php?rest_route=\/wp\/v2\/pages\/102\/revisions"}],"predecessor-version":[{"id":166,"href":"https:\/\/tossenegard.com\/index.php?rest_route=\/wp\/v2\/pages\/102\/revisions\/166"}],"wp:attachment":[{"href":"https:\/\/tossenegard.com\/index.php?rest_route=%2Fwp%2Fv2%2Fmedia&parent=102"}],"curies":[{"name":"wp","href":"https:\/\/api.w.org\/{rel}","templated":true}]}}